{"id":19,"date":"2015-09-04T19:57:29","date_gmt":"2015-09-04T18:57:29","guid":{"rendered":"http:\/\/www.wafu-plerin.com\/?page_id=19"},"modified":"2024-01-21T02:26:20","modified_gmt":"2024-01-21T01:26:20","slug":"contact","status":"publish","type":"page","link":"https:\/\/www.wafu-plerin.com\/index.php\/contact\/","title":{"rendered":"ACCES"},"content":{"rendered":"<p>Le restaurant WAFU est ouvert tous les jours :<\/p>\n<ul>\n<li>de 12h00 \u00e0 14h30<\/li>\n<li>de 19h00 \u00e0 22h30<\/li>\n<\/ul>\n<p>WAFU PLERIN<br \/>\nCentre commercial du Plateau<br \/>\nRue du Grand Quartier<br \/>\n22190 Plerin<br \/>\nT\u00e9l\u00e9phone : 02 96 73 33 13<\/p>\n<p>PLAN D&rsquo;ACCES<br \/>\n<div class=\"su-gmap su-u-responsive-media-no\"><iframe width=\"800\" height=\"500\" src=\"\/\/maps.google.com\/maps?q=rue%20du%20Grand%20Quartier%2022190%20Pl%C3%A9rin&amp;output=embed\" title=\"\"><\/iframe><\/div>\n","protected":false},"excerpt":{"rendered":"<p>Le restaurant WAFU est ouvert tous les jours : de 12h00 \u00e0 14h30 de 19h00 \u00e0 22h30 WAFU PLERIN Centre commercial du Plateau Rue du Grand Quartier 22190 Plerin T\u00e9l\u00e9phone : 02 96 73 33 13 PLAN D&rsquo;ACCES<\/p>\n","protected":false},"author":1,"featured_media":0,"parent":0,"menu_order":0,"comment_status":"closed","ping_status":"closed","template":"","meta":[],"_links":{"self":[{"href":"https:\/\/www.wafu-plerin.com\/index.php\/wp-json\/wp\/v2\/pages\/19"}],"collection":[{"href":"https:\/\/www.wafu-plerin.com\/index.php\/wp-json\/wp\/v2\/pages"}],"about":[{"href":"https:\/\/www.wafu-plerin.com\/index.php\/wp-json\/wp\/v2\/types\/page"}],"author":[{"embeddable":true,"href":"https:\/\/www.wafu-plerin.com\/index.php\/wp-json\/wp\/v2\/users\/1"}],"replies":[{"embeddable":true,"href":"https:\/\/www.wafu-plerin.com\/index.php\/wp-json\/wp\/v2\/comments?post=19"}],"version-history":[{"count":12,"href":"https:\/\/www.wafu-plerin.com\/index.php\/wp-json\/wp\/v2\/pages\/19\/revisions"}],"predecessor-version":[{"id":562,"href":"https:\/\/www.wafu-plerin.com\/index.php\/wp-json\/wp\/v2\/pages\/19\/revisions\/562"}],"wp:attachment":[{"href":"https:\/\/www.wafu-plerin.com\/index.php\/wp-json\/wp\/v2\/media?parent=19"}],"curies":[{"name":"wp","href":"https:\/\/api.w.org\/{rel}","templated":true}]}}